{"id":136,"date":"2019-12-16T21:25:32","date_gmt":"2019-12-16T19:25:32","guid":{"rendered":"http:\/\/www.oulunsuunnuorisoseura.fi\/polokkarit\/?page_id=136"},"modified":"2020-04-29T20:33:16","modified_gmt":"2020-04-29T17:33:16","slug":"ohjelmisto","status":"publish","type":"page","link":"https:\/\/www.oulunsuunnuorisoseura.fi\/polokkarit\/yleinen\/ohjelmisto\/","title":{"rendered":"Ohjelmisto"},"content":{"rendered":"\n<div class=\"wp-block-columns has-2-columns is-layout-flex wp-container-core-columns-is-layout-9d6595d7 wp-block-columns-is-layout-flex\">\n<div class=\"wp-block-column is-layout-flow wp-block-column-is-layout-flow\">\n<figure class=\"wp-block-image\"><img loading=\"lazy\" decoding=\"async\" width=\"1024\" height=\"682\" src=\"http:\/\/www.oulunsuunnuorisoseura.fi\/polokkarit\/wp-content\/uploads\/2019\/12\/POLOKKARIT_PIX9620-1024x682.jpg\" alt=\"\" class=\"wp-image-144\" srcset=\"https:\/\/www.oulunsuunnuorisoseura.fi\/polokkarit\/wp-content\/uploads\/2019\/12\/POLOKKARIT_PIX9620-1024x682.jpg 1024w, https:\/\/www.oulunsuunnuorisoseura.fi\/polokkarit\/wp-content\/uploads\/2019\/12\/POLOKKARIT_PIX9620-300x200.jpg 300w, https:\/\/www.oulunsuunnuorisoseura.fi\/polokkarit\/wp-content\/uploads\/2019\/12\/POLOKKARIT_PIX9620-768x511.jpg 768w\" sizes=\"auto, (max-width: 1024px) 100vw, 1024px\" \/><\/figure>\n<\/div>\n\n\n\n<div class=\"wp-block-column is-layout-flow wp-block-column-is-layout-flow\">\n<p><strong>OHJELMISTO<\/strong><\/p>\n\n\n\n<p> Polokkareiden ohjelmisto pohjautuu suomalaiseen perinteeseen, koreografiat ammentavat sek\u00e4 uusista ett\u00e4 ikiaikaisista ilmi\u00f6ist\u00e4, huumoria unohtamatta. Teokset ovat k\u00e4sitelleet mm. suomalaista saunakulttuuria, hambon ainutlaatuista parikontaktia, lavatanssikulttuuria ja sisaruuden eri vaiheita. Ohjelmistoon kuuluu my\u00f6s tietenkin perinteist\u00e4 n\u00e4ytt\u00e4m\u00f6kansantanssia, jossa kipakkaa polkkaa, vauhdikasta karjalaista katrillia ja intensiivist\u00e4 seremoniallista menuettia n\u00e4hd\u00e4\u00e4n laadukkaasti tanssittuna.&nbsp; <\/p>\n<\/div>\n<\/div>\n\n\n\n<p><\/p>\n","protected":false},"excerpt":{"rendered":"<p>OHJELMISTO Polokkareiden ohjelmisto pohjautuu suomalaiseen perinteeseen, koreografiat ammentavat sek\u00e4 uusista ett\u00e4 ikiaikaisista ilmi\u00f6ist\u00e4, huumoria unohtamatta. Teokset ovat k\u00e4sitelleet mm. suomalaista saunakulttuuria, hambon ainutlaatuista parikontaktia, lavatanssikulttuuria ja sisaruuden eri vaiheita. Ohjelmistoon kuuluu my\u00f6s tietenkin perinteist\u00e4 n\u00e4ytt\u00e4m\u00f6kansantanssia, jossa kipakkaa polkkaa, vauhdikasta karjalaista katrillia ja intensiivist\u00e4 seremoniallista menuettia n\u00e4hd\u00e4\u00e4n laadukkaasti tanssittuna.&nbsp;<\/p>\n","protected":false},"author":1,"featured_media":0,"parent":34,"menu_order":0,"comment_status":"closed","ping_status":"closed","template":"","meta":{"_genesis_hide_title":false,"_genesis_hide_breadcrumbs":false,"_genesis_hide_singular_image":false,"_genesis_custom_body_class":"","_genesis_custom_post_class":"","_genesis_layout":"","footnotes":""},"class_list":{"0":"post-136","1":"page","2":"type-page","3":"status-publish","5":"entry"},"_links":{"self":[{"href":"https:\/\/www.oulunsuunnuorisoseura.fi\/polokkarit\/wp-json\/wp\/v2\/pages\/136","targetHints":{"allow":["GET"]}}],"collection":[{"href":"https:\/\/www.oulunsuunnuorisoseura.fi\/polokkarit\/wp-json\/wp\/v2\/pages"}],"about":[{"href":"https:\/\/www.oulunsuunnuorisoseura.fi\/polokkarit\/wp-json\/wp\/v2\/types\/page"}],"author":[{"embeddable":true,"href":"https:\/\/www.oulunsuunnuorisoseura.fi\/polokkarit\/wp-json\/wp\/v2\/users\/1"}],"replies":[{"embeddable":true,"href":"https:\/\/www.oulunsuunnuorisoseura.fi\/polokkarit\/wp-json\/wp\/v2\/comments?post=136"}],"version-history":[{"count":9,"href":"https:\/\/www.oulunsuunnuorisoseura.fi\/polokkarit\/wp-json\/wp\/v2\/pages\/136\/revisions"}],"predecessor-version":[{"id":281,"href":"https:\/\/www.oulunsuunnuorisoseura.fi\/polokkarit\/wp-json\/wp\/v2\/pages\/136\/revisions\/281"}],"up":[{"embeddable":true,"href":"https:\/\/www.oulunsuunnuorisoseura.fi\/polokkarit\/wp-json\/wp\/v2\/pages\/34"}],"wp:attachment":[{"href":"https:\/\/www.oulunsuunnuorisoseura.fi\/polokkarit\/wp-json\/wp\/v2\/media?parent=136"}],"curies":[{"name":"wp","href":"https:\/\/api.w.org\/{rel}","templated":true}]}}