{"id":153,"date":"2019-12-16T21:40:48","date_gmt":"2019-12-16T19:40:48","guid":{"rendered":"http:\/\/www.oulunsuunnuorisoseura.fi\/polokkarit\/?page_id=153"},"modified":"2019-12-16T21:47:42","modified_gmt":"2019-12-16T19:47:42","slug":"tilaa-polokkarit-keikalle","status":"publish","type":"page","link":"https:\/\/www.oulunsuunnuorisoseura.fi\/polokkarit\/yhteystiedot\/tilaa-polokkarit-keikalle\/","title":{"rendered":"Tilaa Polokkarit keikalle!"},"content":{"rendered":"\n<p><strong> Ohjelmaa juhliin? Tilaa Polokkarit keikalle! <\/strong><\/p>\n\n\n\n<div class=\"wp-block-columns has-2-columns is-layout-flex wp-container-core-columns-is-layout-9d6595d7 wp-block-columns-is-layout-flex\">\n<div class=\"wp-block-column is-layout-flow wp-block-column-is-layout-flow\">\n<p>Etsinn\u00e4ss\u00e4 ohjelmaa h\u00e4ihin, pikkujouluihin tai muihin juhliin? Kaipaako juhlasi ohjelmanumeroksi jotain erilaista ja yll\u00e4tt\u00e4v\u00e4\u00e4? Tilaa Polokkarit esiintym\u00e4\u00e4n! Saat tilaisuuteesi viihdytt\u00e4v\u00e4n ja raikkaan shown, jossa yhdistyv\u00e4t suomalainen kansanperinne, n\u00e4ytt\u00e4v\u00e4 tanssi\u00a0 ja svengaava meininki.  <\/p>\n\n\n\n<p>\n\nR\u00e4\u00e4t\u00e4l\u00f6imme ohjelmistosta sopivan kokonaisuuden toiveidesi mukaan niin herkk\u00e4\u00e4n tunnelmointiin kuin railakkaaseen menoonkin. Ota yhteytt\u00e4 ja pyyd\u00e4 tarjous!\n\n<\/p>\n\n\n\n<div class=\"wp-block-button aligncenter\"><a class=\"wp-block-button__link has-background has-luminous-vivid-orange-background-color\" href=\"http:\/\/www.oulunsuunnuorisoseura.fi\/polokkarit\/yhteystiedot\/\">OTA YHTEYTT\u00c4<\/a><\/div>\n<\/div>\n\n\n\n<div class=\"wp-block-column is-layout-flow wp-block-column-is-layout-flow\">\n<figure class=\"wp-block-image\"><img loading=\"lazy\" decoding=\"async\" width=\"1024\" height=\"682\" src=\"http:\/\/www.oulunsuunnuorisoseura.fi\/polokkarit\/wp-content\/uploads\/2019\/09\/Polokkarit_K6_037-1-1024x682.jpg\" alt=\"\" class=\"wp-image-105\" srcset=\"https:\/\/www.oulunsuunnuorisoseura.fi\/polokkarit\/wp-content\/uploads\/2019\/09\/Polokkarit_K6_037-1-1024x682.jpg 1024w, https:\/\/www.oulunsuunnuorisoseura.fi\/polokkarit\/wp-content\/uploads\/2019\/09\/Polokkarit_K6_037-1-300x200.jpg 300w, https:\/\/www.oulunsuunnuorisoseura.fi\/polokkarit\/wp-content\/uploads\/2019\/09\/Polokkarit_K6_037-1-768x511.jpg 768w, https:\/\/www.oulunsuunnuorisoseura.fi\/polokkarit\/wp-content\/uploads\/2019\/09\/Polokkarit_K6_037-1.jpg 2048w\" sizes=\"auto, (max-width: 1024px) 100vw, 1024px\" \/><\/figure>\n<\/div>\n<\/div>\n","protected":false},"excerpt":{"rendered":"<p>Ohjelmaa juhliin? Tilaa Polokkarit keikalle! Etsinn\u00e4ss\u00e4 ohjelmaa h\u00e4ihin, pikkujouluihin tai muihin juhliin? Kaipaako juhlasi ohjelmanumeroksi jotain erilaista ja yll\u00e4tt\u00e4v\u00e4\u00e4? Tilaa Polokkarit esiintym\u00e4\u00e4n! Saat tilaisuuteesi viihdytt\u00e4v\u00e4n ja raikkaan shown, jossa yhdistyv\u00e4t suomalainen kansanperinne, n\u00e4ytt\u00e4v\u00e4 tanssi\u00a0 ja svengaava meininki. R\u00e4\u00e4t\u00e4l\u00f6imme ohjelmistosta sopivan kokonaisuuden toiveidesi mukaan niin herkk\u00e4\u00e4n tunnelmointiin kuin railakkaaseen menoonkin. Ota yhteytt\u00e4 ja pyyd\u00e4 tarjous!<\/p>\n","protected":false},"author":1,"featured_media":0,"parent":27,"menu_order":0,"comment_status":"closed","ping_status":"closed","template":"","meta":{"_genesis_hide_title":false,"_genesis_hide_breadcrumbs":false,"_genesis_hide_singular_image":false,"_genesis_custom_body_class":"","_genesis_custom_post_class":"","_genesis_layout":"","footnotes":""},"class_list":{"0":"post-153","1":"page","2":"type-page","3":"status-publish","5":"entry"},"_links":{"self":[{"href":"https:\/\/www.oulunsuunnuorisoseura.fi\/polokkarit\/wp-json\/wp\/v2\/pages\/153","targetHints":{"allow":["GET"]}}],"collection":[{"href":"https:\/\/www.oulunsuunnuorisoseura.fi\/polokkarit\/wp-json\/wp\/v2\/pages"}],"about":[{"href":"https:\/\/www.oulunsuunnuorisoseura.fi\/polokkarit\/wp-json\/wp\/v2\/types\/page"}],"author":[{"embeddable":true,"href":"https:\/\/www.oulunsuunnuorisoseura.fi\/polokkarit\/wp-json\/wp\/v2\/users\/1"}],"replies":[{"embeddable":true,"href":"https:\/\/www.oulunsuunnuorisoseura.fi\/polokkarit\/wp-json\/wp\/v2\/comments?post=153"}],"version-history":[{"count":5,"href":"https:\/\/www.oulunsuunnuorisoseura.fi\/polokkarit\/wp-json\/wp\/v2\/pages\/153\/revisions"}],"predecessor-version":[{"id":160,"href":"https:\/\/www.oulunsuunnuorisoseura.fi\/polokkarit\/wp-json\/wp\/v2\/pages\/153\/revisions\/160"}],"up":[{"embeddable":true,"href":"https:\/\/www.oulunsuunnuorisoseura.fi\/polokkarit\/wp-json\/wp\/v2\/pages\/27"}],"wp:attachment":[{"href":"https:\/\/www.oulunsuunnuorisoseura.fi\/polokkarit\/wp-json\/wp\/v2\/media?parent=153"}],"curies":[{"name":"wp","href":"https:\/\/api.w.org\/{rel}","templated":true}]}}